{"id":3606,"date":"2018-07-20T08:31:38","date_gmt":"2018-07-20T08:31:38","guid":{"rendered":"https:\/\/www.cristallo-hotel.com.graffitiweb.srl\/malcesine\/"},"modified":"2022-03-28T13:11:40","modified_gmt":"2022-03-28T13:11:40","slug":"malcesine","status":"publish","type":"page","link":"https:\/\/www.cristallo-hotel.com\/de\/malcesine\/","title":{"rendered":"Malcesine"},"content":{"rendered":"<p>[vc_row full_width=&#8220;stretch_row&#8220; equal_height=&#8220;yes&#8220; css_animation=&#8220;none&#8220;][vc_column css=&#8220;.vc_custom_1541751767732{padding-top: 0px !important;}&#8220;][cms_space space_lg=&#8220;110&#8243; space_md=&#8220;110&#8243; space_sm=&#8220;80&#8243; space_xs=&#8220;60&#8243;][vc_row_inner][vc_column_inner width=&#8220;5\/12&#8243; animation_column=&#8220;none&#8220;][cms_heading text=&#8220;\u2026 Wie gerne h\u00e4tte ich meine Freunde an meiner Seite, um gemeinsam das Panorama zu genie\u00dfen, das sich vor mir auftut! &#8230; der wunderbare Gardasee &#8230;&#8220; tag=&#8220;div&#8220; align_lg=&#8220;align-right&#8220; align_md=&#8220;align-right-md&#8220; align_sm=&#8220;align-center-sm&#8220; align_xs=&#8220;align-center-xs&#8220; text_transform=&#8220;uppercase&#8220; letter_spacing=&#8220;0.2em&#8220; text_color=&#8220;#565656&#8243; cms_template=&#8220;cms_heading.php&#8220; margin_bottom=&#8220;13px&#8220;][cms_space space_lg=&#8220;38&#8243; space_md=&#8220;38&#8243; space_sm=&#8220;20&#8243; space_xs=&#8220;20&#8243;][cms_heading text=&#8220;MALCESINE&#8220; align_lg=&#8220;align-right&#8220; align_md=&#8220;align-right-md&#8220; align_sm=&#8220;align-center-sm&#8220; align_xs=&#8220;align-center-xs&#8220; font_size=&#8220;40px&#8220; font_size_md=&#8220;40px&#8220; font_size_sm=&#8220;30px&#8220; font_size_xs=&#8220;30px&#8220; line_height=&#8220;40px&#8220; line_height_md=&#8220;40px&#8220; line_height_sm=&#8220;30px&#8220; line_height_xs=&#8220;30px&#8220; font_weight=&#8220;700&#8243; text_transform=&#8220;uppercase&#8220; cms_template=&#8220;cms_heading.php&#8220; margin_right=&#8220;-5px&#8220;][\/vc_column_inner][vc_column_inner width=&#8220;7\/12&#8243; animation_column=&#8220;none&#8220;][vc_single_image image=&#8220;3390&#8243; img_size=&#8220;large&#8220; alignment=&#8220;center&#8220;][\/vc_column_inner][\/vc_row_inner][cms_space space_lg=&#8220;38&#8243; space_md=&#8220;38&#8243; space_sm=&#8220;20&#8243; space_xs=&#8220;20&#8243;][cms_textbox text_box_color=&#8220;#777777&#8243; font_size=&#8220;15px&#8220; font_weight=&#8220;400&#8243; letter_spacing=&#8220;0.1em&#8220; cms_template=&#8220;cms_textbox.php&#8220; text_box=&#8220;W\u00e4hrend Ihres Aufenthaltes werden Sie die M\u00f6glichkeit haben, Malcesine zu entdecken, einen wundersch\u00f6nen Ort mit mittelalterlichem Ursprung und vielen malerischen Ecken.<\/p>\n<p>Im Herzen der Stadt befindet sich die Scaliger-Burg, die zu Fu\u00df durch die bezaubernden Gassen erreichbar ist und von dessen Turm Sie eine atemberaubende Aussicht auf den See, den Monte Baldo und \u00fcber die ganze Stadt haben.&#8220;][cms_textbox font_style=&#8220;italic&#8220; text_box_color=&#8220;#777777&#8243; font_size=&#8220;15px&#8220; font_weight=&#8220;400&#8243; letter_spacing=&#8220;0.1em&#8220; cms_template=&#8220;cms_textbox.php&#8220; text_box=&#8220;Die Sch\u00f6nheit von Malcesine hat schon immer wichtige Pers\u00f6nlichkeiten angezogen, wie z.B. Gustav Klimt, der die bunten H\u00e4user und das eindrucksvolle Schloss von Malcesine sowie das Dorf Cassone gemalt hat, und Johann Wolfgang von Goethe (welchem eine feste Ausstellung in der Burg gewidmet ist), der von der Sch\u00f6nheit der Burg und der Olivenhaine so beeindruckt war, dass er in dem bekannten Buch \u201eItalienische Reise\u201c dar\u00fcber geschrieben hat.&#8220;][cms_textbox text_box_color=&#8220;#777777&#8243; font_size=&#8220;15px&#8220; font_weight=&#8220;400&#8243; letter_spacing=&#8220;0.1em&#8220; cms_template=&#8220;cms_textbox.php&#8220; text_box=&#8220;Aber Malcesine ist nicht nur an Geschichte reich, es ist auch ein kleines Paradies f\u00fcr Sportliebhaber. Die Verbindung von See und Berg bietet die M\u00f6glichkeit, vielen Sportarten nachzugehen wie SUP, Segeln, Windsurfen und Kitesurfen aufgrund des st\u00e4ndigen Windes in dieser Gegend. Am Monte Baldo haben Sie die Gelegenheit Gleitschirm zufliegen, Mountainbiken und Nordic Walking auszu\u00fcben. Aufgrund der Einrichtungen neben den Str\u00e4nden k\u00f6nnen Sie auch Tennis, Fu\u00dfball und Volleyball spielen.<\/p>\n<p>Auch f\u00fcr Wanderer ist Malcesine ein ideales Ziel, da es viele Wanderwege gibt, insbesondere zum botanischen Garten auf dem Monte Baldo. Sehr zu empfehlen ist ein Wanderweg nach Val di Monte zur Statue \u201eMadonna dell` Accoglienza\u201c, die hoch \u00fcber der Stadt wacht und alle Besucher mit offenen Armen empf\u00e4ngt. Von hier aus hat man einen wundersch\u00f6nen Ausblick auf Malcesine.&#8220;][cms_space space_lg=&#8220;38&#8243; space_md=&#8220;38&#8243; space_sm=&#8220;20&#8243; space_xs=&#8220;20&#8243;][\/vc_column][\/vc_row][vc_row full_width=&#8220;stretch_row_content_no_spaces&#8220; equal_height=&#8220;yes&#8220; css_animation=&#8220;none&#8220;][vc_column css_animation=&#8220;fadeInLeft&#8220; width=&#8220;1\/4&#8243; el_class=&#8220;gweb_stretch&#8220;][cms_fancybox feature_image=&#8220;2811&#8243; button_link=&#8220;|||&#8220; cms_template=&#8220;cms_fancybox&#8211;layout4.php&#8220; title=&#8220;Spa&#8220; title_brea=&#8220;Centro Storico&#8220;][\/vc_column][vc_column css_animation=&#8220;fadeInLeft&#8220; width=&#8220;1\/4&#8243; el_class=&#8220;gweb_stretch&#8220;][cms_fancybox feature_image=&#8220;2810&#8243; button_link=&#8220;url:http%3A%2F%2Fdev.joomexp.com%2Fwordpress%2Fnanovi%2Frestaurant%2F|||&#8220; cms_template=&#8220;cms_fancybox&#8211;layout4.php&#8220; title=&#8220;Funivia&#8220; title_brea=&#8220;Hotel \/ Resautant&#8220;][\/vc_column][vc_column css_animation=&#8220;fadeInRight&#8220; width=&#8220;1\/4&#8243; el_class=&#8220;gweb_stretch&#8220;][cms_fancybox feature_image=&#8220;2801&#8243; button_link=&#8220;url:http%3A%2F%2Fdev.joomexp.com%2Fwordpress%2Fnanovi%2Fgolf%2F|||&#8220; cms_template=&#8220;cms_fancybox&#8211;layout4.php&#8220; title=&#8220;Castello&#8220; title_brea=&#8220;Hotel \/ Golf&#8220;][\/vc_column][vc_column css_animation=&#8220;fadeInRight&#8220; width=&#8220;1\/4&#8243; el_class=&#8220;gweb_stretch&#8220;][cms_fancybox feature_image=&#8220;2809&#8243; button_link=&#8220;url:http%3A%2F%2Fdev.joomexp.com%2Fwordpress%2Fnanovi%2Fbar%2F|||&#8220; cms_template=&#8220;cms_fancybox&#8211;layout4.php&#8220; title=&#8220;Outdoor&#8220; title_brea=&#8220;Hotel \/ Bar&#8220;][\/vc_column][\/vc_row]<\/p>\n","protected":false},"excerpt":{"rendered":"<p>[vc_row full_width=&#8220;stretch_row&#8220; equal_height=&#8220;yes&#8220; css_animation=&#8220;none&#8220;][vc_column css=&#8220;.vc_custom_1541751767732{padding-top: 0px !important;}&#8220;][cms_space space_lg=&#8220;110&#8243; space_md=&#8220;110&#8243; space_sm=&#8220;80&#8243; space_xs=&#8220;60&#8243;][vc_row_inner][vc_column_inner width=&#8220;5\/12&#8243; animation_column=&#8220;none&#8220;][cms_heading text=&#8220;\u2026 Wie gerne h\u00e4tte ich meine Freunde an meiner Seite, um gemeinsam das Panorama zu genie\u00dfen, das sich vor mir auftut! &#8230; der wunderbare Gardasee &#8230;&#8220; tag=&#8220;div&#8220; align_lg=&#8220;align-right&#8220; align_md=&#8220;align-right-md&#8220; align_sm=&#8220;align-center-sm&#8220; align_xs=&#8220;align-center-xs&#8220; text_transform=&#8220;uppercase&#8220; letter_spacing=&#8220;0.2em&#8220; text_color=&#8220;#565656&#8243; cms_template=&#8220;cms_heading.php&#8220; margin_bottom=&#8220;13px&#8220;][cms_space space_lg=&#8220;38&#8243; space_md=&#8220;38&#8243; space_sm=&#8220;20&#8243; space_xs=&#8220;20&#8243;][cms_heading text=&#8220;MALCESINE&#8220; align_lg=&#8220;align-right&#8220; [&hellip;]<\/p>\n","protected":false},"author":1,"featured_media":0,"parent":0,"menu_order":0,"comment_status":"closed","ping_status":"closed","template":"","meta":{"footnotes":""},"class_list":["post-3606","page","type-page","status-publish","hentry"],"_links":{"self":[{"href":"https:\/\/www.cristallo-hotel.com\/de\/wp-json\/wp\/v2\/pages\/3606","targetHints":{"allow":["GET"]}}],"collection":[{"href":"https:\/\/www.cristallo-hotel.com\/de\/wp-json\/wp\/v2\/pages"}],"about":[{"href":"https:\/\/www.cristallo-hotel.com\/de\/wp-json\/wp\/v2\/types\/page"}],"author":[{"embeddable":true,"href":"https:\/\/www.cristallo-hotel.com\/de\/wp-json\/wp\/v2\/users\/1"}],"replies":[{"embeddable":true,"href":"https:\/\/www.cristallo-hotel.com\/de\/wp-json\/wp\/v2\/comments?post=3606"}],"version-history":[{"count":2,"href":"https:\/\/www.cristallo-hotel.com\/de\/wp-json\/wp\/v2\/pages\/3606\/revisions"}],"predecessor-version":[{"id":3681,"href":"https:\/\/www.cristallo-hotel.com\/de\/wp-json\/wp\/v2\/pages\/3606\/revisions\/3681"}],"wp:attachment":[{"href":"https:\/\/www.cristallo-hotel.com\/de\/wp-json\/wp\/v2\/media?parent=3606"}],"curies":[{"name":"wp","href":"https:\/\/api.w.org\/{rel}","templated":true}]}}