{"id":3619,"date":"2018-09-06T02:11:48","date_gmt":"2018-09-06T02:11:48","guid":{"rendered":"https:\/\/www.cristallo-hotel.com.graffitiweb.srl\/servizi\/"},"modified":"2022-03-31T04:31:27","modified_gmt":"2022-03-31T04:31:27","slug":"servizi","status":"publish","type":"page","link":"https:\/\/www.cristallo-hotel.com\/de\/servizi\/","title":{"rendered":"Dienste"},"content":{"rendered":"<p>[vc_row full_width=&#8220;stretch_row&#8220;][vc_column css=&#8220;.vc_custom_1542968821609{padding-top: 0px !important;}&#8220;][cms_space space_lg=&#8220;120&#8243; space_md=&#8220;120&#8243; space_sm=&#8220;80&#8243; space_xs=&#8220;60&#8243;][vc_row_inner][vc_column_inner width=&#8220;1\/3&#8243;][cms_fancybox icon_type=&#8220;image&#8220; title_color=&#8220;#565656&#8243; font_weight=&#8220;400&#8243; icon_image=&#8220;2960&#8243; border_box=&#8220;has-border&#8220; border_cricle_color=&#8220;&#8220; border_color_hover=&#8220;&#8220; cms_template=&#8220;cms_fancybox.php&#8220; title=&#8220;WI-FI&#8220; description=&#8220;Free Internet Point&#8220; title_font_size=&#8220;15px&#8220;][\/vc_column_inner][vc_column_inner width=&#8220;1\/3&#8243;][cms_fancybox icon_type=&#8220;image&#8220; title_color=&#8220;#565656&#8243; font_weight=&#8220;500&#8243; icon_image=&#8220;2964&#8243; border_box=&#8220;has-border&#8220; border_cricle_color=&#8220;&#8220; border_color_hover=&#8220;&#8220; cms_template=&#8220;cms_fancybox.php&#8220; title=&#8220;Parkplatz&#8220; description=&#8220;Tiefgarage gegen Geb\u00fchr&#8220; title_font_size=&#8220;15px&#8220;][\/vc_column_inner][vc_column_inner width=&#8220;1\/3&#8243;][cms_fancybox icon_type=&#8220;image&#8220; title_color=&#8220;#565656&#8243; font_weight=&#8220;500&#8243; icon_image=&#8220;2962&#8243; border_box=&#8220;has-border&#8220; border_cricle_color=&#8220;&#8220; border_color_hover=&#8220;&#8220; cms_template=&#8220;cms_fancybox.php&#8220; title=&#8220;Schwimmbad &#038; Fitnessraum&#8220; description=&#8220;Neue Schwimmbad mit 2 Whirlpools&#8220; title_font_size=&#8220;15px&#8220;][\/vc_column_inner][\/vc_row_inner][cms_space space_lg=&#8220;45&#8243; space_md=&#8220;45&#8243; space_sm=&#8220;20&#8243; space_xs=&#8220;20&#8243;][vc_row_inner][vc_column_inner width=&#8220;1\/3&#8243;][cms_fancybox icon_type=&#8220;image&#8220; title_color=&#8220;#565656&#8243; font_weight=&#8220;500&#8243; icon_image=&#8220;3181&#8243; border_box=&#8220;has-border&#8220; border_cricle_color=&#8220;&#8220; border_color_hover=&#8220;&#8220; cms_template=&#8220;cms_fancybox.php&#8220; title=&#8220;Panorama &#8211; Terrasse&#8220; description=&#8220;mit einem 360\u00b0 Blick auf den See mit neuem Jacuzzi&#8220; title_font_size=&#8220;15px&#8220; el_class=&#8220;gweb-terrazza&#8220;][\/vc_column_inner][vc_column_inner width=&#8220;1\/3&#8243;][cms_fancybox icon_type=&#8220;image&#8220; title_color=&#8220;#565656&#8243; font_weight=&#8220;500&#8243; icon_image=&#8220;2994&#8243; border_box=&#8220;has-border&#8220; border_cricle_color=&#8220;&#8220; border_color_hover=&#8220;&#8220; cms_template=&#8220;cms_fancybox.php&#8220; title=&#8220;Restaurant &#038; Bar&#8220; title_font_size=&#8220;15px&#8220; el_class=&#8220;gweb-bar&#8220; description=&#8220;Die Loungebar ist ideal f\u00fcr einen entspannenden Drink.&#8220;][\/vc_column_inner][vc_column_inner width=&#8220;1\/3&#8243;][cms_fancybox icon_type=&#8220;image&#8220; title_color=&#8220;#565656&#8243; font_weight=&#8220;500&#8243; icon_image=&#8220;3177&#8243; border_box=&#8220;has-border&#8220; border_cricle_color=&#8220;&#8220; border_color_hover=&#8220;&#8220; cms_template=&#8220;cms_fancybox.php&#8220; title=&#8220;CARDIO-GESCH\u00dcTZTE&#8220; description=&#8220;ausgestattet mit Defibrillator und mit Ozone Hygienisierte Zimmer&#8220; title_font_size=&#8220;15px&#8220; el_class=&#8220;gweb-cardio&#8220;][\/vc_column_inner][\/vc_row_inner][cms_space space_lg=&#8220;45&#8243; space_md=&#8220;45&#8243; space_sm=&#8220;20&#8243; space_xs=&#8220;20&#8243;][\/vc_column][\/vc_row][vc_row full_width=&#8220;stretch_row_content_no_spaces&#8220; disable_element=&#8220;yes&#8220; cms_row_class=&#8220;row-overlay&#8220;][vc_column css=&#8220;.vc_custom_1542968828298{padding-top: 0px !important;}&#8220;][cms_space space_lg=&#8220;10&#8243; space_md=&#8220;10&#8243; space_sm=&#8220;10&#8243; space_xs=&#8220;10&#8243;][cms_service_carousel service_items=&#8220;%5B%7B%22service_image%22%3A%223031%22%2C%22serivice_quality%22%3A%22HOTEL%20CRISTALLO%20MALCESINE%22%2C%22service_title%22%3A%22ristorante%22%2C%22service_title2%22%3A%22%26nbsp%3B%22%2C%22service_desciption%22%3A%22Abbondante%20colazione%20a%20buffet%2C%20cucina%20italiana%20e%20carta%20vini%20locali%20e%20nazionali.%5CnLa%20nostra%20cucina%20su%20richiesta%20elabora%20piatti%20per%20clienti%20con%20allergie%20e%20diete%20particolari.%22%2C%22service_link%22%3A%22%7C%7C%7C%22%7D%2C%7B%22service_image%22%3A%222976%22%2C%22serivice_quality%22%3A%22HOTEL%20CRISTALLO%20MALCESINE%22%2C%22service_title%22%3A%22AREA%20WELLNESS%22%2C%22service_title2%22%3A%22NOVIT%C3%80!%22%2C%22service_desciption%22%3A%22Per%20una%20vera%20vacanza%20di%20relax%20non%20poteva%20mancare%20l&#8217;area%20Wellness%2C%20di%20nuovissima%20costruzione.%5CnNelle%20nostre%20offerte%20troverete%20pacchetti%20Wellness%2C%20oppure%20potrete%20prenotare%20l%E2%80%99area%20direttamente%20da%20noi%20durante%20il%20vostro%20soggiorno%2C%20magari%20in%20una%20giornata%20uggiosa.%22%2C%22service_link%22%3A%22url%3A%252Fspa%252F%7Ctitle%3ASCOPRI%2520DI%2520PIU&#8217;%7C%7C%22%7D%5D&#8220; slogan_color=&#8220;#c8c8c8&#8243; slogan_font_weight=&#8220;400&#8243; title_color=&#8220;#ffffff&#8220; title_color2=&#8220;#c5a46d&#8220; font_size=&#8220;60px&#8220; font_weight=&#8220;400&#8243; des_color=&#8220;#919191&#8243; des_font_weight=&#8220;600&#8243; col_xs=&#8220;1&#8243; col_sm=&#8220;1&#8243; col_md=&#8220;1&#8243; col_lg=&#8220;1&#8243; arrows=&#8220;true&#8220; cms_template=&#8220;cms_service_carousel.php&#8220;][cms_space space_lg=&#8220;35&#8243; space_md=&#8220;35&#8243; space_sm=&#8220;35&#8243; space_xs=&#8220;35&#8243;][\/vc_column][\/vc_row][vc_row full_width=&#8220;stretch_row_content_no_spaces&#8220; equal_height=&#8220;yes&#8220; content_placement=&#8220;middle&#8220; css=&#8220;.vc_custom_1646909054452{background-color: #222222 !important;}&#8220;][vc_column width=&#8220;1\/2&#8243;][vc_images_carousel images=&#8220;3508,3512,3510,3518,3709&#8243; img_size=&#8220;full&#8220; autoplay=&#8220;yes&#8220; wrap=&#8220;yes&#8220; css=&#8220;.vc_custom_1648701069559{margin-bottom: 0px !important;}&#8220; el_id=&#8220;gweb-gallery&#8220;][\/vc_column][vc_column width=&#8220;1\/2&#8243;][cms_heading text=&#8220;RESTAURANT&#8220; font_size=&#8220;60px&#8220; font_size_md=&#8220;60px&#8220; font_size_sm=&#8220;40px&#8220; font_size_xs=&#8220;28px&#8220; text_color=&#8220;#ffffff&#8220; sub_color=&#8220;#bbbbbb&#8220; description=&#8220;In unserem Restautrant bieten wir Ihnen ein reichhaltiges Fr\u00fchst\u00fccksbuffet. Wir verw\u00f6hnen Sie mit Italienischen Spezialit\u00e4ten und einer Auswahl an regionalen Weinen und Weinen aus ganz Italien.<br \/>\nAuf Anfrage bereitet unsere K\u00fcche gerne vegetarische oder gluten-freie Gerichte f\u00fcr Sie zu.&#8220; description_color=&#8220;#bbbbbb&#8220; cms_template=&#8220;cms_heading&#8211;layout2.php&#8220; sub_title=&#8220;HOTEL CRISTALLO MALCESINE&#8220;][\/vc_column][\/vc_row][vc_row][vc_column css=&#8220;.vc_custom_1542968977549{padding-top: 0px !important;}&#8220;][cms_space space_lg=&#8220;70&#8243; space_md=&#8220;0&#8243; space_sm=&#8220;0&#8243; space_xs=&#8220;0&#8243;][vc_row_inner][vc_column_inner width=&#8220;1\/2&#8243;][cms_heading text=&#8220;Andere Services:&#8220; tag=&#8220;h2&#8243; font_size=&#8220;50px&#8220; font_size_md=&#8220;50px&#8220; font_size_sm=&#8220;30px&#8220; font_size_xs=&#8220;30px&#8220; line_height=&#8220;60px&#8220; line_height_md=&#8220;50px&#8220; line_height_sm=&#8220;30px&#8220; line_height_xs=&#8220;30px&#8220; font_weight=&#8220;700&#8243; description_color=&#8220;#777777&#8243; des_margin_bottom=&#8220;25px&#8220; cms_template=&#8220;cms_heading.php&#8220; margin_bottom=&#8220;47px&#8220;][cms_textbox font_weight=&#8220;400&#8243; cms_template=&#8220;cms_textbox.php&#8220; text_box=&#8220;- Lift<br \/>\n&#8211; Fahrradverleih<br \/>\n&#8211; Lesesaal<br \/>\n&#8211; Neue Wellnessbereich (gegen Geb\u00fchr)<\/p>\n<p>Bei Ihrer Ankunft empf\u00e4ngt Sie unser freundliches Personal und gibt Ihnen gerne Empfehlungen zu Unterhaltungsm\u00f6glichkeiten, Ausfl\u00fcgen und Veranstaltungen in Malcesine und Umgebung.&#8220;][cms_space space_lg=&#8220;45&#8243; space_md=&#8220;45&#8243; space_sm=&#8220;20&#8243;][cms_button button_text=&#8220;ENTDECKEN SIE UNSEREN &#8222;WELLNESSBEREICH&#8222;&#8220; button_link=&#8220;url:%2Fde%2Fspa%2F|||&#8220; font_weight=&#8220;400&#8243;][\/vc_column_inner][vc_column_inner width=&#8220;1\/2&#8243;][cms_space space_lg=&#8220;15&#8243; space_md=&#8220;15&#8243; space_sm=&#8220;50&#8243; space_xs=&#8220;50&#8243;][vc_images_carousel images=&#8220;3502,3358,3544,3500,3516,3504,3506,3530,3348&#8243; img_size=&#8220;full&#8220; autoplay=&#8220;yes&#8220; wrap=&#8220;yes&#8220; css=&#8220;.vc_custom_1648701084610{margin-bottom: 0px !important;}&#8220; el_id=&#8220;gweb-gallery&#8220;][\/vc_column_inner][\/vc_row_inner][cms_space space_lg=&#8220;120&#8243; space_md=&#8220;100&#8243; space_sm=&#8220;80&#8243; space_xs=&#8220;60&#8243;][\/vc_column][\/vc_row][vc_row full_width=&#8220;stretch_row&#8220; parallax=&#8220;content-moving&#8220; parallax_image=&#8220;2492&#8243; parallax_speed_bg=&#8220;1&#8243; disable_element=&#8220;yes&#8220; cms_row_class=&#8220;row-overlay&#8220; css=&#8220;.vc_custom_1646213864572{background-color: rgba(0,0,0,0.65) !important;*background-color: rgb(0,0,0) !important;}&#8220;][vc_column css=&#8220;.vc_custom_1542969424893{padding-top: 0px !important;}&#8220;][cms_space space_lg=&#8220;100&#8243; space_md=&#8220;80&#8243; space_sm=&#8220;50&#8243; space_xs=&#8220;50&#8243;][cms_heading text=&#8220;The best service you have<br \/>\never experienced&#8220; align_sm=&#8220;align-center-sm&#8220; align_xs=&#8220;align-center-xs&#8220; font_size=&#8220;50px&#8220; font_size_md=&#8220;50px&#8220; font_size_sm=&#8220;30px&#8220; font_size_xs=&#8220;30px&#8220; line_height=&#8220;60px&#8220; line_height_md=&#8220;50px&#8220; line_height_sm=&#8220;30px&#8220; line_height_xs=&#8220;30px&#8220; font_weight=&#8220;700&#8243; text_transform=&#8220;capitalize&#8220; text_color=&#8220;#ffffff&#8220; des_font_weight=&#8220;600&#8243; cms_template=&#8220;cms_heading.php&#8220;][cms_space space_lg=&#8220;30&#8243; space_md=&#8220;30&#8243; space_sm=&#8220;30&#8243; space_xs=&#8220;30&#8243;][vc_row_inner][vc_column_inner width=&#8220;1\/5&#8243;][cms_counter digit_color=&#8220;#ffffff&#8220; title_color=&#8220;#ffffff&#8220; font_weight=&#8220;400&#8243; grouping=&#8220;1&#8243; cms_template=&#8220;cms_counter.php&#8220; title=&#8220;SUITES&#8220; digit=&#8220;20&#8243;][\/vc_column_inner][vc_column_inner width=&#8220;1\/5&#8243;][cms_counter digit_color=&#8220;#ffffff&#8220; title_color=&#8220;#ffffff&#8220; grouping=&#8220;1&#8243; cms_template=&#8220;cms_counter.php&#8220; title=&#8220;ROOM&#8220; digit=&#8220;120&#8243;][\/vc_column_inner][vc_column_inner width=&#8220;1\/5&#8243;][cms_counter digit_color=&#8220;#ffffff&#8220; title_color=&#8220;#ffffff&#8220; cms_template=&#8220;cms_counter.php&#8220; title=&#8220;STAFF&#8220; digit=&#8220;50&#8243;][\/vc_column_inner][vc_column_inner width=&#8220;1\/5&#8243;][cms_counter digit_color=&#8220;#ffffff&#8220; title_color=&#8220;#ffffff&#8220; cms_template=&#8220;cms_counter.php&#8220; title=&#8220;SERVICES&#8220; digit=&#8220;12&#8243;][\/vc_column_inner][vc_column_inner width=&#8220;1\/5&#8243;][\/vc_column_inner][\/vc_row_inner][cms_space space_lg=&#8220;93&#8243; space_md=&#8220;93&#8243; space_sm=&#8220;80&#8243; space_xs=&#8220;60&#8243;][\/vc_column][\/vc_row]<\/p>\n","protected":false},"excerpt":{"rendered":"<p>[vc_row full_width=&#8220;stretch_row&#8220;][vc_column css=&#8220;.vc_custom_1542968821609{padding-top: 0px !important;}&#8220;][cms_space space_lg=&#8220;120&#8243; space_md=&#8220;120&#8243; space_sm=&#8220;80&#8243; space_xs=&#8220;60&#8243;][vc_row_inner][vc_column_inner width=&#8220;1\/3&#8243;][cms_fancybox icon_type=&#8220;image&#8220; title_color=&#8220;#565656&#8243; font_weight=&#8220;400&#8243; icon_image=&#8220;2960&#8243; border_box=&#8220;has-border&#8220; border_cricle_color=&#8220;&#8220; border_color_hover=&#8220;&#8220; cms_template=&#8220;cms_fancybox.php&#8220; title=&#8220;WI-FI&#8220; description=&#8220;Free Internet Point&#8220; title_font_size=&#8220;15px&#8220;][\/vc_column_inner][vc_column_inner width=&#8220;1\/3&#8243;][cms_fancybox icon_type=&#8220;image&#8220; title_color=&#8220;#565656&#8243; font_weight=&#8220;500&#8243; icon_image=&#8220;2964&#8243; border_box=&#8220;has-border&#8220; border_cricle_color=&#8220;&#8220; border_color_hover=&#8220;&#8220; cms_template=&#8220;cms_fancybox.php&#8220; title=&#8220;Parkplatz&#8220; description=&#8220;Tiefgarage gegen Geb\u00fchr&#8220; title_font_size=&#8220;15px&#8220;][\/vc_column_inner][vc_column_inner width=&#8220;1\/3&#8243;][cms_fancybox icon_type=&#8220;image&#8220; title_color=&#8220;#565656&#8243; font_weight=&#8220;500&#8243; icon_image=&#8220;2962&#8243; border_box=&#8220;has-border&#8220; border_cricle_color=&#8220;&#8220; border_color_hover=&#8220;&#8220; cms_template=&#8220;cms_fancybox.php&#8220; title=&#8220;Schwimmbad &#038; Fitnessraum&#8220; description=&#8220;Neue Schwimmbad mit 2 Whirlpools&#8220; title_font_size=&#8220;15px&#8220;][\/vc_column_inner][\/vc_row_inner][cms_space [&hellip;]<\/p>\n","protected":false},"author":1,"featured_media":0,"parent":0,"menu_order":0,"comment_status":"closed","ping_status":"closed","template":"","meta":{"footnotes":""},"class_list":["post-3619","page","type-page","status-publish","hentry"],"_links":{"self":[{"href":"https:\/\/www.cristallo-hotel.com\/de\/wp-json\/wp\/v2\/pages\/3619","targetHints":{"allow":["GET"]}}],"collection":[{"href":"https:\/\/www.cristallo-hotel.com\/de\/wp-json\/wp\/v2\/pages"}],"about":[{"href":"https:\/\/www.cristallo-hotel.com\/de\/wp-json\/wp\/v2\/types\/page"}],"author":[{"embeddable":true,"href":"https:\/\/www.cristallo-hotel.com\/de\/wp-json\/wp\/v2\/users\/1"}],"replies":[{"embeddable":true,"href":"https:\/\/www.cristallo-hotel.com\/de\/wp-json\/wp\/v2\/comments?post=3619"}],"version-history":[{"count":4,"href":"https:\/\/www.cristallo-hotel.com\/de\/wp-json\/wp\/v2\/pages\/3619\/revisions"}],"predecessor-version":[{"id":3716,"href":"https:\/\/www.cristallo-hotel.com\/de\/wp-json\/wp\/v2\/pages\/3619\/revisions\/3716"}],"wp:attachment":[{"href":"https:\/\/www.cristallo-hotel.com\/de\/wp-json\/wp\/v2\/media?parent=3619"}],"curies":[{"name":"wp","href":"https:\/\/api.w.org\/{rel}","templated":true}]}}